{"id":109,"date":"2024-01-15T21:59:03","date_gmt":"2024-01-15T19:59:03","guid":{"rendered":"https:\/\/kalihomok.hu\/?page_id=109"},"modified":"2024-01-15T21:59:03","modified_gmt":"2024-01-15T19:59:03","slug":"uj-anyagok-elerhetoek","status":"publish","type":"page","link":"https:\/\/kalihomok.hu\/?page_id=109","title":{"rendered":"\u00daj anyagok el\u00e9rhet\u0151ek"},"content":{"rendered":"\n<p>Be\u00fczemelt\u00fck mos\u00f3- oszt\u00e1lyoz\u00f3 berendez\u00e9s\u00fcnket. Ezent\u00fal \u00fcgyfeleinket ki tudjuk szolg\u00e1lni OH-0-1 \u00e9s OH-0-4 homokkal.<\/p>\n\n\n\n<p><\/p>\n","protected":false},"excerpt":{"rendered":"<p>Be\u00fczemelt\u00fck mos\u00f3- oszt\u00e1lyoz\u00f3 berendez\u00e9s\u00fcnket. Ezent\u00fal \u00fcgyfeleinket ki tudjuk szolg\u00e1lni OH-0-1 \u00e9s OH-0-4 homokkal.<\/p>\n","protected":false},"author":1,"featured_media":0,"parent":0,"menu_order":0,"comment_status":"closed","ping_status":"closed","template":"","meta":{"footnotes":""},"class_list":["post-109","page","type-page","status-publish","hentry"],"_links":{"self":[{"href":"https:\/\/kalihomok.hu\/index.php?rest_route=\/wp\/v2\/pages\/109","targetHints":{"allow":["GET"]}}],"collection":[{"href":"https:\/\/kalihomok.hu\/index.php?rest_route=\/wp\/v2\/pages"}],"about":[{"href":"https:\/\/kalihomok.hu\/index.php?rest_route=\/wp\/v2\/types\/page"}],"author":[{"embeddable":true,"href":"https:\/\/kalihomok.hu\/index.php?rest_route=\/wp\/v2\/users\/1"}],"replies":[{"embeddable":true,"href":"https:\/\/kalihomok.hu\/index.php?rest_route=%2Fwp%2Fv2%2Fcomments&post=109"}],"version-history":[{"count":1,"href":"https:\/\/kalihomok.hu\/index.php?rest_route=\/wp\/v2\/pages\/109\/revisions"}],"predecessor-version":[{"id":110,"href":"https:\/\/kalihomok.hu\/index.php?rest_route=\/wp\/v2\/pages\/109\/revisions\/110"}],"wp:attachment":[{"href":"https:\/\/kalihomok.hu\/index.php?rest_route=%2Fwp%2Fv2%2Fmedia&parent=109"}],"curies":[{"name":"wp","href":"https:\/\/api.w.org\/{rel}","templated":true}]}}