{"id":19,"date":"2022-05-19T11:37:25","date_gmt":"2022-05-19T09:37:25","guid":{"rendered":"https:\/\/kalihomok.hu\/?page_id=19"},"modified":"2026-02-09T11:54:12","modified_gmt":"2026-02-09T09:54:12","slug":"termekeink","status":"publish","type":"page","link":"https:\/\/kalihomok.hu\/?page_id=19","title":{"rendered":"Term\u00e9keink"},"content":{"rendered":"\n<h2 class=\"wp-block-heading\">Oszt\u00e1lyozatlan anyagok<\/h2>\n\n\n\n<p class=\"has-medium-font-size\" id=\"wnd_TextBlock_553813695_inner_3\"><\/p>\n\n\n\n<div class=\"wp-block-cover alignright is-light\" style=\"min-height:322px;aspect-ratio:unset;\"><img loading=\"lazy\" decoding=\"async\" width=\"980\" height=\"551\" class=\"wp-block-cover__image-background wp-image-72\" alt=\"\" src=\"https:\/\/kalihomok.hu\/wp-content\/uploads\/2022\/05\/kep3.jpg\" data-object-fit=\"cover\" srcset=\"https:\/\/kalihomok.hu\/wp-content\/uploads\/2022\/05\/kep3.jpg 980w, https:\/\/kalihomok.hu\/wp-content\/uploads\/2022\/05\/kep3-300x169.jpg 300w, https:\/\/kalihomok.hu\/wp-content\/uploads\/2022\/05\/kep3-768x432.jpg 768w\" sizes=\"auto, (max-width: 980px) 100vw, 980px\" \/><span aria-hidden=\"true\" class=\"wp-block-cover__background has-background-dim\"><\/span><div class=\"wp-block-cover__inner-container is-layout-flow wp-block-cover-is-layout-flow\">\n<p class=\"has-large-font-size\"><\/p>\n<\/div><\/div>\n\n\n\n<p><strong>Term\u0151f\u00f6ld<\/strong><br>Felhaszn\u00e1l\u00e1s: Parkos\u00edt\u00e1sok, kert\u00e9p\u00edt\u00e9sek kiv\u00e1l\u00f3 alapanyaga. Kaphat\u00f3 nagyobb<br>t\u00e1panyagtartalm\u00fa ist\u00e1ll\u00f3tr\u00e1gy\u00e1val kevert kivitelben is.<br><strong>Felt\u00f6lt\u0151homok (homokmedd\u0151)<\/strong><br>Felhaszn\u00e1l\u00e1s: j\u00f3l t\u00f6m\u00f6r\u00edthet\u0151 anyag k\u00f6zm\u0171\u00e9p\u00edt\u00e9shez, felt\u00f6lt\u00e9shez<br><strong>B\u00e1nyahomok<\/strong><br>Felhaszn\u00e1l\u00e1s: falaz\u00e1shoz, vakol\u00e1shozT\u00e9rfogats\u00faly: 1,5-1,6 t\/m3 Agyag-,iszaptartalom: 15%<br><strong>Kavicsos homok (k\u00e1li s\u00f3der)<\/strong><br>Term\u00e9szetes szemeloszl\u00e1s\u00fa.<br>T\u00e9rfogats\u00faly: 1,4-1,5 t\/m3 Agyag-,iszaptartalom: 10%<br>Felhaszn\u00e1l\u00e1s: durva vakolathoz, \u00fat\u00e9p\u00edt\u00e9shez, v\u00edzejt\u0151kh\u00f6z haszn\u00e1lhat\u00f3<\/p>\n\n\n\n<h2 class=\"wp-block-heading\">Oszt\u00e1lyozott anyagok<\/h2>\n\n\n\n<p><strong>0H 0-4 mosott, oszt\u00e1lyozott homok<\/strong><br>Felhaszn\u00e1l\u00e1s: betonoz\u00e1shoz, durva vakolathoz, t\u00e9rk\u0151 \u00e1gyazathoz, t\u00e9li j\u00e9gmentes\u00edt\u00e9shez<\/p>\n\n\n\n<p><strong>0H 0-1 mosott, oszt\u00e1lyozott homok<\/strong><br>Felhaszn\u00e1l\u00e1s: betonoz\u00e1shoz, bes\u00f6pr\u0151 homok<\/p>\n\n\n\n<h2 class=\"wp-block-heading\">Nem saj\u00e1t anyagok<\/h2>\n\n\n\n<p><strong>Ny\u00e9kl\u00e1dh\u00e1zi s\u00f3der (0-24)<\/strong><br>Felhaszn\u00e1l\u00e1s: betonoz\u00e1shoz<br><strong>Kisn\u00e1nai z\u00fazott k\u0151 (Z 0-22)<\/strong><br>t\u00e9rk\u0151 \u00e1gyazathoz, t\u00fck\u00f6rk\u00e9sz\u00edt\u00e9shez<br><strong>Recski z\u00fazottk\u0151 (NZ 4-8)<\/strong><br>t\u00e9rk\u0151 \u00e1gyaz\u00e1shoz<\/p>\n\n\n\n<h2 class=\"wp-block-heading\">\u00c1rlista<\/h2>\n\n\n\n<p>Let\u00f6lthet\u0151 innen: <strong>\u00c1rlista <\/strong><a href=\"https:\/\/kalihomok.hu\/wp-content\/uploads\/2026\/02\/arlista-2026_02_01.pdf\"><strong>2026.02.01.-t\u0151l<\/strong><\/a><\/p>\n\n\n\n<div class=\"wp-block-columns is-layout-flex wp-container-core-columns-is-layout-9d6595d7 wp-block-columns-is-layout-flex\">\n<div class=\"wp-block-column is-layout-flow wp-block-column-is-layout-flow\"><\/div>\n\n\n\n<div class=\"wp-block-column is-layout-flow wp-block-column-is-layout-flow\"><\/div>\n<\/div>\n\n\n\n<h2 class=\"wp-block-heading\">Kiszolg\u00e1l\u00e1s<\/h2>\n\n\n\n<p>A folyamatos kiszolg\u00e1l\u00e1st homlokrakod\u00f3val biztos\u00edtjuk, amely be\u00e9p\u00edtett m\u00e9rleggel van ell\u00e1tva. A rakod\u00e1sr\u00f3l bizonylat k\u00e9sz\u00fcl, mely m\u00e9rlegjegy \u00e9s sz\u00e1ll\u00edt\u00f3lev\u00e9l is egyben.<br>\u00dcgyfeleink ig\u00e9nyeit maxim\u00e1lisan figyelembe v\u00e9ve rugalmas nyitvatart\u00e1ssal \u00e1llunk rendelkez\u00e9s\u00fckre.<\/p>\n","protected":false},"excerpt":{"rendered":"<p>Oszt\u00e1lyozatlan anyagok Term\u0151f\u00f6ldFelhaszn\u00e1l\u00e1s: Parkos\u00edt\u00e1sok, kert\u00e9p\u00edt\u00e9sek kiv\u00e1l\u00f3 alapanyaga. Kaphat\u00f3 nagyobbt\u00e1panyagtartalm\u00fa ist\u00e1ll\u00f3tr\u00e1gy\u00e1val kevert kivitelben is.Felt\u00f6lt\u0151homok (homokmedd\u0151)Felhaszn\u00e1l\u00e1s: j\u00f3l t\u00f6m\u00f6r\u00edthet\u0151 anyag k\u00f6zm\u0171\u00e9p\u00edt\u00e9shez, felt\u00f6lt\u00e9shezB\u00e1nyahomokFelhaszn\u00e1l\u00e1s: falaz\u00e1shoz, vakol\u00e1shozT\u00e9rfogats\u00faly: 1,5-1,6 t\/m3 Agyag-,iszaptartalom: 15%Kavicsos homok (k\u00e1li s\u00f3der)Term\u00e9szetes szemeloszl\u00e1s\u00fa.T\u00e9rfogats\u00faly: 1,4-1,5 t\/m3 Agyag-,iszaptartalom: 10%Felhaszn\u00e1l\u00e1s: durva vakolathoz, \u00fat\u00e9p\u00edt\u00e9shez, v\u00edzejt\u0151kh\u00f6z haszn\u00e1lhat\u00f3 Oszt\u00e1lyozott anyagok 0H 0-4 mosott, oszt\u00e1lyozott homokFelhaszn\u00e1l\u00e1s: betonoz\u00e1shoz, durva vakolathoz, t\u00e9rk\u0151 \u00e1gyazathoz,&#8230;<\/p>\n","protected":false},"author":1,"featured_media":0,"parent":0,"menu_order":0,"comment_status":"closed","ping_status":"closed","template":"","meta":{"footnotes":""},"class_list":["post-19","page","type-page","status-publish","hentry"],"_links":{"self":[{"href":"https:\/\/kalihomok.hu\/index.php?rest_route=\/wp\/v2\/pages\/19","targetHints":{"allow":["GET"]}}],"collection":[{"href":"https:\/\/kalihomok.hu\/index.php?rest_route=\/wp\/v2\/pages"}],"about":[{"href":"https:\/\/kalihomok.hu\/index.php?rest_route=\/wp\/v2\/types\/page"}],"author":[{"embeddable":true,"href":"https:\/\/kalihomok.hu\/index.php?rest_route=\/wp\/v2\/users\/1"}],"replies":[{"embeddable":true,"href":"https:\/\/kalihomok.hu\/index.php?rest_route=%2Fwp%2Fv2%2Fcomments&post=19"}],"version-history":[{"count":13,"href":"https:\/\/kalihomok.hu\/index.php?rest_route=\/wp\/v2\/pages\/19\/revisions"}],"predecessor-version":[{"id":121,"href":"https:\/\/kalihomok.hu\/index.php?rest_route=\/wp\/v2\/pages\/19\/revisions\/121"}],"wp:attachment":[{"href":"https:\/\/kalihomok.hu\/index.php?rest_route=%2Fwp%2Fv2%2Fmedia&parent=19"}],"curies":[{"name":"wp","href":"https:\/\/api.w.org\/{rel}","templated":true}]}}