{"id":22,"date":"2022-05-19T11:46:06","date_gmt":"2022-05-19T09:46:06","guid":{"rendered":"https:\/\/kalihomok.hu\/?page_id=22"},"modified":"2022-10-14T12:27:19","modified_gmt":"2022-10-14T10:27:19","slug":"kapcsolat","status":"publish","type":"page","link":"https:\/\/kalihomok.hu\/?page_id=22","title":{"rendered":"Kapcsolat"},"content":{"rendered":"\n<h2 class=\"wp-block-heading\" id=\"wnd_TextBlock_675343090_inner_0\"><strong>K\u00e1li-Homok Kft.<\/strong><\/h2>\n\n\n\n<p id=\"wnd_TextBlock_675343090_inner_1\">3358 Erd\u0151telek, 0523\/10. hrsz.&nbsp;<\/p>\n\n\n\n<h2 class=\"wp-block-heading\" id=\"wnd_TextBlock_675343090_inner_2\">Megk\u00f6zel\u00edt\u00e9s:<\/h2>\n\n\n\n<p id=\"wnd_TextBlock_675343090_inner_3\"><strong>GPS koordin\u00e1t\u00e1k:<\/strong>&nbsp;47.6923745957, 20.2705049514<br>N.47\u00b041&#8217;32&#8221;; E.20\u00b016&#8217;13&#8221;<\/p>\n\n\n\n<h2 class=\"wp-block-heading\" id=\"wnd_TextBlock_675343090_inner_4\">El\u00e9rhet\u0151s\u00e9gek:<\/h2>\n\n\n\n<p id=\"wnd_TextBlock_675343090_inner_5\"><strong>E-mail:<\/strong>\u00a0info@kalihomok.hu<br><strong>Telefon:<\/strong>\u00a0+36\/30-846-2851<br><strong>Levelez\u00e9si c\u00edm:<\/strong>\u00a03300 Eger K\u00fclter\u00fclet 0779\/49 hrsz.<\/p>\n\n\n\n<h2 class=\"wp-block-heading\" id=\"wnd_TextBlock_675343090_inner_6\">Nyitvatart\u00e1s:<\/h2>\n\n\n\n<p id=\"wnd_TextBlock_675343090_inner_7\"><strong>T\u00e9li id\u0151sz\u00e1m\u00edt\u00e1s alatt:<\/strong><br>H\u00e9tf\u0151t\u0151l &#8211; P\u00e9ntekig: 07-16ig;<br>H\u00e9tv\u00e9g\u00e9n: Z\u00c1RVA<\/p>\n\n\n\n<p id=\"wnd_TextBlock_675343090_inner_8\"><strong>Ny\u00e1ri id\u0151sz\u00e1m\u00edt\u00e1s alatt:<\/strong><br>H\u00e9tf\u0151t\u0151l &#8211; P\u00e9ntekig: 07-17ig;<br>H\u00e9tv\u00e9g\u00e9n: Z\u00c1RVA<\/p>\n\n\n\n<div class=\"wp-block-group\"><div class=\"wp-block-group__inner-container is-layout-flow wp-block-group-is-layout-flow\">\t\t<div id=\"wpmapblock_dafe1966\" data-settings='{&quot;map_marker&quot;:[{&quot;lat&quot;:&quot;47.6923745957&quot;,&quot;lng&quot;:&quot; 20.2705049514&quot;,&quot;title&quot;:&quot;K\\u00e1li Homokb\\u00e1nya&quot;,&quot;content&quot;:&quot;&quot;,&quot;iconType&quot;:&quot;default&quot;,&quot;customIconUrl&quot;:&quot;&quot;,&quot;customIconWidth&quot;:&quot;25&quot;,&quot;customIconHeight&quot;:&quot;40&quot;}],&quot;map_zoom&quot;:10,&quot;scroll_wheel_zoom&quot;:false,&quot;map_type&quot;:&quot;GM&quot;,&quot;center_index&quot;:0}' class=\"wpmapblockrender\" style=\"\n\t\t\twidth: 100%;\n\t\t\theight: 500px;\n\t\t\"><\/div>\n        <\/div><\/div>\n\n\n\n<div class=\"wp-block-columns is-layout-flex wp-container-core-columns-is-layout-9d6595d7 wp-block-columns-is-layout-flex\">\n<div class=\"wp-block-column is-layout-flow wp-block-column-is-layout-flow\" style=\"flex-basis:100%\"><\/div>\n<\/div>\n\n\n\n<p><\/p>\n","protected":false},"excerpt":{"rendered":"<p>K\u00e1li-Homok Kft. 3358 Erd\u0151telek, 0523\/10. hrsz.&nbsp; Megk\u00f6zel\u00edt\u00e9s: GPS koordin\u00e1t\u00e1k:&nbsp;47.6923745957, 20.2705049514N.47\u00b041&#8217;32&#8221;; E.20\u00b016&#8217;13&#8221; El\u00e9rhet\u0151s\u00e9gek: E-mail:\u00a0info@kalihomok.huTelefon:\u00a0+36\/30-846-2851Levelez\u00e9si c\u00edm:\u00a03300 Eger K\u00fclter\u00fclet 0779\/49 hrsz. Nyitvatart\u00e1s: T\u00e9li id\u0151sz\u00e1m\u00edt\u00e1s alatt:H\u00e9tf\u0151t\u0151l &#8211; P\u00e9ntekig: 07-16ig;H\u00e9tv\u00e9g\u00e9n: Z\u00c1RVA Ny\u00e1ri id\u0151sz\u00e1m\u00edt\u00e1s alatt:H\u00e9tf\u0151t\u0151l &#8211; P\u00e9ntekig: 07-17ig;H\u00e9tv\u00e9g\u00e9n: Z\u00c1RVA<\/p>\n","protected":false},"author":1,"featured_media":0,"parent":0,"menu_order":0,"comment_status":"closed","ping_status":"closed","template":"","meta":{"footnotes":""},"class_list":["post-22","page","type-page","status-publish","hentry"],"_links":{"self":[{"href":"https:\/\/kalihomok.hu\/index.php?rest_route=\/wp\/v2\/pages\/22","targetHints":{"allow":["GET"]}}],"collection":[{"href":"https:\/\/kalihomok.hu\/index.php?rest_route=\/wp\/v2\/pages"}],"about":[{"href":"https:\/\/kalihomok.hu\/index.php?rest_route=\/wp\/v2\/types\/page"}],"author":[{"embeddable":true,"href":"https:\/\/kalihomok.hu\/index.php?rest_route=\/wp\/v2\/users\/1"}],"replies":[{"embeddable":true,"href":"https:\/\/kalihomok.hu\/index.php?rest_route=%2Fwp%2Fv2%2Fcomments&post=22"}],"version-history":[{"count":5,"href":"https:\/\/kalihomok.hu\/index.php?rest_route=\/wp\/v2\/pages\/22\/revisions"}],"predecessor-version":[{"id":96,"href":"https:\/\/kalihomok.hu\/index.php?rest_route=\/wp\/v2\/pages\/22\/revisions\/96"}],"wp:attachment":[{"href":"https:\/\/kalihomok.hu\/index.php?rest_route=%2Fwp%2Fv2%2Fmedia&parent=22"}],"curies":[{"name":"wp","href":"https:\/\/api.w.org\/{rel}","templated":true}]}}