{"id":52,"date":"2022-05-19T13:11:53","date_gmt":"2022-05-19T11:11:53","guid":{"rendered":"https:\/\/kalihomok.hu\/?page_id=52"},"modified":"2022-05-23T17:11:39","modified_gmt":"2022-05-23T15:11:39","slug":"biztos-alapanyag-epitkezeseihez","status":"publish","type":"page","link":"https:\/\/kalihomok.hu\/","title":{"rendered":""},"content":{"rendered":"\n<h1 class=\"wp-block-heading\">Biztos alapanyag elk\u00e9pzel\u00e9seihez<\/h1>\n\n\n\n<p><\/p>\n\n\n\n<hr class=\"wp-block-separator alignwide\"\/>\n\n\n\n<div class=\"wp-block-columns is-layout-flex wp-container-core-columns-is-layout-9d6595d7 wp-block-columns-is-layout-flex\">\n<div class=\"wp-block-column is-layout-flow wp-block-column-is-layout-flow\">\n<div class=\"wp-block-buttons is-layout-flex wp-block-buttons-is-layout-flex\">\n<div class=\"wp-block-button\"><a class=\"wp-block-button__link\" href=\"https:\/\/kalihomok.hu\/?page_id=22\">L\u00e9pjen vel\u00fcnk kapcsolatba<\/a><\/div>\n<\/div>\n<\/div>\n\n\n\n<div class=\"wp-block-column is-layout-flow wp-block-column-is-layout-flow\">\n<p>Aktu\u00e1lis<\/p>\n\n\n<ul class=\"wp-block-latest-posts__list wp-block-latest-posts\"><li><a class=\"wp-block-latest-posts__post-title\" href=\"https:\/\/kalihomok.hu\/?p=98\">\u00dcnnepi Nyitvatart\u00e1s<\/a><\/li>\n<li><a class=\"wp-block-latest-posts__post-title\" href=\"https:\/\/kalihomok.hu\/?p=69\">Ny\u00e1ri nyitvatart\u00e1s<\/a><\/li>\n<\/ul><\/div>\n<\/div>\n\n\n\n<p><\/p>\n","protected":false},"excerpt":{"rendered":"<p>Biztos alapanyag elk\u00e9pzel\u00e9seihez Aktu\u00e1lis<\/p>\n","protected":false},"author":1,"featured_media":0,"parent":0,"menu_order":0,"comment_status":"closed","ping_status":"closed","template":"","meta":{"footnotes":""},"class_list":["post-52","page","type-page","status-publish","hentry"],"_links":{"self":[{"href":"https:\/\/kalihomok.hu\/index.php?rest_route=\/wp\/v2\/pages\/52","targetHints":{"allow":["GET"]}}],"collection":[{"href":"https:\/\/kalihomok.hu\/index.php?rest_route=\/wp\/v2\/pages"}],"about":[{"href":"https:\/\/kalihomok.hu\/index.php?rest_route=\/wp\/v2\/types\/page"}],"author":[{"embeddable":true,"href":"https:\/\/kalihomok.hu\/index.php?rest_route=\/wp\/v2\/users\/1"}],"replies":[{"embeddable":true,"href":"https:\/\/kalihomok.hu\/index.php?rest_route=%2Fwp%2Fv2%2Fcomments&post=52"}],"version-history":[{"count":10,"href":"https:\/\/kalihomok.hu\/index.php?rest_route=\/wp\/v2\/pages\/52\/revisions"}],"predecessor-version":[{"id":92,"href":"https:\/\/kalihomok.hu\/index.php?rest_route=\/wp\/v2\/pages\/52\/revisions\/92"}],"wp:attachment":[{"href":"https:\/\/kalihomok.hu\/index.php?rest_route=%2Fwp%2Fv2%2Fmedia&parent=52"}],"curies":[{"name":"wp","href":"https:\/\/api.w.org\/{rel}","templated":true}]}}