{"id":80,"date":"2022-05-23T16:46:55","date_gmt":"2022-05-23T14:46:55","guid":{"rendered":"https:\/\/kalihomok.hu\/?page_id=80"},"modified":"2024-01-15T21:59:34","modified_gmt":"2024-01-15T19:59:34","slug":"aktualis","status":"publish","type":"page","link":"https:\/\/kalihomok.hu\/?page_id=80","title":{"rendered":"Aktu\u00e1lis"},"content":{"rendered":"\n<p><a href=\"https:\/\/kalihomok.hu\/?page_id=109\">\u00daj anyagok el\u00e9rhet\u0151ek<\/a> <\/p>\n","protected":false},"excerpt":{"rendered":"<p>\u00daj anyagok el\u00e9rhet\u0151ek<\/p>\n","protected":false},"author":1,"featured_media":0,"parent":0,"menu_order":0,"comment_status":"closed","ping_status":"closed","template":"","meta":{"footnotes":""},"class_list":["post-80","page","type-page","status-publish","hentry"],"_links":{"self":[{"href":"https:\/\/kalihomok.hu\/index.php?rest_route=\/wp\/v2\/pages\/80","targetHints":{"allow":["GET"]}}],"collection":[{"href":"https:\/\/kalihomok.hu\/index.php?rest_route=\/wp\/v2\/pages"}],"about":[{"href":"https:\/\/kalihomok.hu\/index.php?rest_route=\/wp\/v2\/types\/page"}],"author":[{"embeddable":true,"href":"https:\/\/kalihomok.hu\/index.php?rest_route=\/wp\/v2\/users\/1"}],"replies":[{"embeddable":true,"href":"https:\/\/kalihomok.hu\/index.php?rest_route=%2Fwp%2Fv2%2Fcomments&post=80"}],"version-history":[{"count":5,"href":"https:\/\/kalihomok.hu\/index.php?rest_route=\/wp\/v2\/pages\/80\/revisions"}],"predecessor-version":[{"id":111,"href":"https:\/\/kalihomok.hu\/index.php?rest_route=\/wp\/v2\/pages\/80\/revisions\/111"}],"wp:attachment":[{"href":"https:\/\/kalihomok.hu\/index.php?rest_route=%2Fwp%2Fv2%2Fmedia&parent=80"}],"curies":[{"name":"wp","href":"https:\/\/api.w.org\/{rel}","templated":true}]}}